{"id":227,"date":"2022-02-18T16:02:52","date_gmt":"2022-02-18T19:02:52","guid":{"rendered":"https:\/\/anacristinabahia.com\/?page_id=227"},"modified":"2025-08-27T21:40:23","modified_gmt":"2025-08-28T00:40:23","slug":"datenschutzerklarung","status":"publish","type":"page","link":"https:\/\/anacristinabahia.com\/de\/datenschutzerklarung\/","title":{"rendered":"Datenschutzerkl\u00e4rung"},"content":{"rendered":"<h3 class=\"wp-block-heading has-black-color has-text-color has-link-color wp-elements-c636b5297f6eef97e228907d7299ae69\" id=\"datenschutzerklarung\">Datenschutzerkl\u00e4rung<\/h3>\n\n\n\n<p>Verantwortlicher im Sinne der Datenschutzgesetze, insbesondere der EU-Datenschutzgrundverordnung (DSGVO), ist: Ana Cristina Bahia Wagner<\/p>\n\n\n\n<h3 class=\"wp-block-heading has-black-color has-text-color has-link-color wp-elements-da68b90b3c1f56e7d6cd1b8b005e525c\" id=\"ihre-betroffenenrechte\">Ihre Betroffenenrechte<\/h3>\n\n\n\n<p>Unter den angegebenen Kontaktdaten unseres Datenschutzbeauftragten k\u00f6nnen Sie jederzeit folgende Rechte aus\u00fcben: Auskunft \u00fcber Ihre bei uns gespeicherten Daten und deren Verarbeitung (Art. 15 DSGVO), Berichtigung unrichtiger personenbezogener Daten (Art. 16 DSGVO), L\u00f6schung Ihrer bei uns gespeicherten Daten (Art. 17 DSGVO), Einschr\u00e4nkung der Datenverarbeitung, sofern wir Ihre Daten aufgrund gesetzlicher Pflichten noch nicht l\u00f6schen d\u00fcrfen (Art. 18 DSGVO), Widerspruch gegen die Verarbeitung Ihrer Daten bei uns (Art. 21 DSGVO) und Daten\u00fcbertragbarkeit, sofern Sie in die Datenverarbeitung eingewilligt haben oder einen Vertrag mit uns abgeschlossen haben (Art. 20 DSGVO). Sofern Sie uns eine Einwilligung erteilt haben, k\u00f6nnen Sie diese jederzeit mit Wirkung f\u00fcr die Zukunft widerrufen. Sie k\u00f6nnen sich jederzeit mit einer Beschwerde an eine Aufsichtsbeh\u00f6rde wenden, z. B. an die zust\u00e4ndige Aufsichtsbeh\u00f6rde des Bundeslands Ihres Wohnsitzes oder an die f\u00fcr uns als verantwortliche Stelle zust\u00e4ndige Beh\u00f6rde. Eine Liste der Aufsichtsbeh\u00f6rden (f\u00fcr den nicht\u00f6ffentlichen Bereich) mit Anschrift finden Sie unter: https:\/\/www.bfdi.bund.de\/DE\/Infothek\/Anschriften_Links\/anschriften_links-node.html.<\/p>\n\n\n\n<h3 class=\"wp-block-heading has-black-color has-text-color has-link-color wp-elements-c258296f00600ab452466a2d64f64809\" id=\"verwendung-von-adobe-typekit\">Verwendung von Adobe Typekit<\/h3>\n\n\n\n<h4 class=\"wp-block-heading has-black-color has-text-color has-link-color wp-elements-62507708f3a017f185e97682c403bc9d\" id=\"art-und-zweck-der-verarbeitung\">Art und Zweck der Verarbeitung:<\/h4>\n\n\n\n<p>Wir setzen Adobe Typekit zur visuellen Gestaltung unserer Website ein. Typekit ist ein Dienst der Adobe Systems Software Ireland Companies (4-6 Riverwalk, Citywest Business Campus, Dublin 24, Republic of Ireland; nachfolgend \u201eAdobe\u201c), der uns den Zugriff auf eine Schriftartenbibliothek gew\u00e4hrt. Zur Einbindung der von uns benutzten Schriftarten, muss Ihr Browser eine Verbindung zu einem Server von Adobe in den USA aufbauen und die f\u00fcr unsere Website ben\u00f6tigte Schriftart herunterladen. Adobe erh\u00e4lt hierdurch die Information, dass von Ihrer IP-Adresse unsere Website aufgerufen wurde. Weitere Informationen zu Adobe Typekit finden Sie in den Datenschutzhinweisen von Adobe, die Sie hier abrufen k\u00f6nnen: https:\/\/www.adobe.com\/de\/privacy\/policy.html<\/p>\n\n\n\n<h4 class=\"wp-block-heading has-black-color has-text-color has-link-color wp-elements-5bb14098ba18b32184168c21be70a42a\" id=\"rechtsgrundlage\">Rechtsgrundlage:<\/h4>\n\n\n\n<p>Rechtsgrundlage f\u00fcr die Einbindung von Adobe Typekit und dem damit verbundenen Datentransfer zu Adobe ist Ihre Einwilligung (Art. 6 Abs. 1 lit. a DSGVO).<\/p>\n\n\n\n<h4 class=\"wp-block-heading has-black-color has-text-color has-link-color wp-elements-c9c1bf2bd5fc37c9e7dd983b1133e0f5\" id=\"empfanger\">Empf\u00e4nger:<\/h4>\n\n\n\n<p>Der Aufruf von Scriptbibliotheken oder Schriftbibliotheken l\u00f6st automatisch eine Verbindung zum Betreiber der Bibliothek aus. Informationen \u00fcber die Nutzung Ihrer Daten durch Adobe Typekit Web Fonts Sie unter https:\/\/typekit.com\/ und in der<\/p>\n\n\n\n<h4 class=\"wp-block-heading has-black-color has-text-color has-link-color wp-elements-2387b462c707069f1206025661692c29\" id=\"datenschutzerklarung-von-adobe-typekit\">Datenschutzerkl\u00e4rung von Adobe Typekit:<\/h4>\n\n\n\n<p><a href=\"https:\/\/www.adobe.com\/de\/privacy\/policies\/typekit.html.\">https:\/\/www.adobe.com\/de\/privacy\/policies\/typekit.html.<\/a><\/p>\n\n\n\n<h4 class=\"wp-block-heading has-black-color has-text-color has-link-color wp-elements-b59800852b54a904488e865d233a834d\" id=\"speicherdauer\">Speicherdauer:<\/h4>\n\n\n\n<p>Wir erheben keine personenbezogenen Daten durch die Einbindung von Adobe Typekit Web Fonts.<\/p>\n\n\n\n<h4 class=\"wp-block-heading has-black-color has-text-color has-link-color wp-elements-b298e964ba80b0a95dd9e2b9fca7ec05\" id=\"drittlandtransfer\">Drittlandtransfer:<\/h4>\n\n\n\n<p>Adobe ist unter dem Privacy-Shield-Abkommen zertifiziert und bietet hierdurch eine Garantie, das europ\u00e4ische Datenschutzrecht einzuhalten (https:\/\/www.privacyshield.gov\/participant?id=a2zt0000000TNo9AAG&amp;status=Active).<\/p>\n\n\n\n<h4 class=\"wp-block-heading has-black-color has-text-color has-link-color wp-elements-f4028bf0fa5ac33cad339dab787145c7\" id=\"bereitstellung-vorgeschrieben-oder-erforderlich\">Bereitstellung vorgeschrieben oder erforderlich:<\/h4>\n\n\n\n<p>Die Bereitstellung der personenbezogenen Daten ist weder gesetzlich, noch vertraglich vorgeschrieben. Allerdings kann ohne die korrekte Darstellung der Inhalte von Standardschriften nicht erm\u00f6glicht werden.<\/p>\n\n\n\n<h3 class=\"wp-block-heading has-black-color has-text-color has-link-color wp-elements-aa2b93959b2606bbdcd8b0d410ae12f0\" id=\"anderung-unserer-datenschutzbestimmungen\">\u00c4nderung unserer Datenschutzbestimmungen<\/h3>\n\n\n\n<p>Wir behalten uns vor, diese Datenschutzerkl\u00e4rung anzupassen, damit sie stets den aktuellen rechtlichen Anforderungen entspricht oder um \u00c4nderungen unserer Leistungen in der Datenschutzerkl\u00e4rung umzusetzen, z.B. bei der Einf\u00fchrung neuer Services. F\u00fcr Ihren erneuten Besuch gilt dann die neue Datenschutzerkl\u00e4rung.<\/p>\n\n\n\n<h4 class=\"wp-block-heading has-black-color has-text-color has-link-color wp-elements-2d29c59622995dbec325685e34ddda53\" id=\"fragen-an-den-datenschutzbeauftragten\">Fragen an den Datenschutzbeauftragten<\/h4>\n\n\n\n<p>Wenn Sie Fragen zum Datenschutz haben, schreiben Sie uns bitte eine E-Mail oder wenden Sie sich direkt an die f\u00fcr den Datenschutz verantwortliche Person in unserer Organisation: +491728432994 \u2013 Frau Bahia Wagner Die Datenschutzerkl\u00e4rung wurde mithilfe der activeMind AG erstellt, den Experten f\u00fcr externe Datenschutzbeauftragte (Version #2019-04-10).<\/p>\n\n\n\n<div style=\"height:100px\" aria-hidden=\"true\" class=\"wp-block-spacer\"><\/div>","protected":false},"excerpt":{"rendered":"<p>Pol\u00edtica de Prote\u00e7\u00e3o de Dados O respons\u00e1vel pelo tratamento, nos termos das leis de prote\u00e7\u00e3o de dados, em particular do Regulamento Geral sobre a Prote\u00e7\u00e3o de Dados (RGPD) da UE, \u00e9: Ana Cristina Bahia Wagner Seus direitos como titular dos dados Voc\u00ea pode exercer os seguintes direitos a qualquer momento, utilizando os dados de contato [&hellip;]<\/p>","protected":false},"author":1,"featured_media":0,"parent":0,"menu_order":0,"comment_status":"closed","ping_status":"closed","template":"","meta":{"footnotes":""},"class_list":["post-227","page","type-page","status-publish","hentry"],"_links":{"self":[{"href":"https:\/\/anacristinabahia.com\/de\/wp-json\/wp\/v2\/pages\/227","targetHints":{"allow":["GET"]}}],"collection":[{"href":"https:\/\/anacristinabahia.com\/de\/wp-json\/wp\/v2\/pages"}],"about":[{"href":"https:\/\/anacristinabahia.com\/de\/wp-json\/wp\/v2\/types\/page"}],"author":[{"embeddable":true,"href":"https:\/\/anacristinabahia.com\/de\/wp-json\/wp\/v2\/users\/1"}],"replies":[{"embeddable":true,"href":"https:\/\/anacristinabahia.com\/de\/wp-json\/wp\/v2\/comments?post=227"}],"version-history":[{"count":8,"href":"https:\/\/anacristinabahia.com\/de\/wp-json\/wp\/v2\/pages\/227\/revisions"}],"predecessor-version":[{"id":516,"href":"https:\/\/anacristinabahia.com\/de\/wp-json\/wp\/v2\/pages\/227\/revisions\/516"}],"wp:attachment":[{"href":"https:\/\/anacristinabahia.com\/de\/wp-json\/wp\/v2\/media?parent=227"}],"curies":[{"name":"wp","href":"https:\/\/api.w.org\/{rel}","templated":true}]}}