{"id":290,"date":"2022-04-18T09:58:38","date_gmt":"2022-04-18T12:58:38","guid":{"rendered":"https:\/\/anacristinabahia.com\/?page_id=290"},"modified":"2025-09-16T12:06:42","modified_gmt":"2025-09-16T15:06:42","slug":"formacao","status":"publish","type":"page","link":"https:\/\/anacristinabahia.com\/de\/formacao\/","title":{"rendered":"Berufsqualifikation"},"content":{"rendered":"<p><strong>Professional experience:<\/strong><\/p>\n\n\n\n<p>1997\u20132001 Rechtsberaterin \/ Praktikantin der Staatsanwaltschaft von Minas Gerais \u2013 Brasilien<\/p>\n\n\n\n<p>2001\u20132005 Rechtsanw\u00e4ltin \u2013 Mil\u00eanio Ind\u00fastria e Com\u00e9rcio de Latic\u00ednios Ltda \u2013 Campo Belo <\/p>\n\n\n\n<p>2001\u20132005 Rechtsberaterin \u2013 Staatsanwaltschaft \u2013 Verbraucherschutz \u2013 Campo Belo \u2013 MG <\/p>\n\n\n\n<p>2005\u20132006 Rechtsanw\u00e4ltin \u2013 Reginaldo Martins Advogados Associados \u2013 Goi\u00e2nia \u2013 GO <\/p>\n\n\n\n<p>2006\u20132007 Rechtsanw\u00e4ltin \u2013 Brasfilter Ind\u00fastria e Com\u00e9rcio SA \u2013 S\u00e3o Paulo \u2013 SP Seit Gegenwart - Inhaberin der eigenen Kanzlei<\/p>\n\n\n\n<p><strong>Akademischer Hintergrund<\/strong><\/p>\n\n\n\n<p>1995\u20132001 Studied law at Universidade Unifenas (Campo Belo, MG) Degree: Law at Universidade de Alfenas \u2013 Campo Belo Campus<\/p>\n\n\n\n<p>1998 Spezialisierung: Vertragsrecht \u2013 Verbraucherschutz \u2013 Staatsanwaltschaft von Minas Gerais<\/p>\n\n\n\n<p>2010\u20132011 Postgraduales Studium im \u00d6ffentlichen Recht, Universidade Minas Gerais, Pouso Alegre<\/p>\n\n\n\n<p>2013 Humboldt-Universit\u00e4t: Grundkenntnisse des deutschen Rechts<\/p>\n\n\n\n<p>2014 Grundkenntnisse des deutschen Rechts \u2013 Humboldt-Universit\u00e4t<\/p>\n\n\n\n<div style=\"height:100px\" aria-hidden=\"true\" class=\"wp-block-spacer\"><\/div>","protected":false},"excerpt":{"rendered":"<p>Experi\u00eancia profissional: 1997\u20132001 Assessor jur\u00eddico\/estagi\u00e1rio no Minist\u00e9rio P\u00fablico de Minas Gerais, Brasil 2001\u20132005 Advogado \u2013 Mil\u00eanio Ind\u00fastria e Com\u00e9rcio de Latic\u00ednios Ltda \u2013 Campo Belo 2001\u20132005 Assessor Jur\u00eddico \u2013 Minist\u00e9rio P\u00fablico \u2013 Defesa do Consumidor \u2013 Campo Belo \u2013 MG 2005\u20132006 Advogado \u2013 Reginaldo Martins Advogados Associados \u2013 Goi\u00e2nia \u2013 GO 2006\u20132007 Advogado \u2013 Brasfilter [&hellip;]<\/p>","protected":false},"author":1,"featured_media":0,"parent":0,"menu_order":0,"comment_status":"closed","ping_status":"closed","template":"","meta":{"footnotes":""},"class_list":["post-290","page","type-page","status-publish","hentry"],"_links":{"self":[{"href":"https:\/\/anacristinabahia.com\/de\/wp-json\/wp\/v2\/pages\/290","targetHints":{"allow":["GET"]}}],"collection":[{"href":"https:\/\/anacristinabahia.com\/de\/wp-json\/wp\/v2\/pages"}],"about":[{"href":"https:\/\/anacristinabahia.com\/de\/wp-json\/wp\/v2\/types\/page"}],"author":[{"embeddable":true,"href":"https:\/\/anacristinabahia.com\/de\/wp-json\/wp\/v2\/users\/1"}],"replies":[{"embeddable":true,"href":"https:\/\/anacristinabahia.com\/de\/wp-json\/wp\/v2\/comments?post=290"}],"version-history":[{"count":8,"href":"https:\/\/anacristinabahia.com\/de\/wp-json\/wp\/v2\/pages\/290\/revisions"}],"predecessor-version":[{"id":528,"href":"https:\/\/anacristinabahia.com\/de\/wp-json\/wp\/v2\/pages\/290\/revisions\/528"}],"wp:attachment":[{"href":"https:\/\/anacristinabahia.com\/de\/wp-json\/wp\/v2\/media?parent=290"}],"curies":[{"name":"wp","href":"https:\/\/api.w.org\/{rel}","templated":true}]}}